{"id":144,"date":"2012-10-03T21:26:06","date_gmt":"2012-10-03T20:26:06","guid":{"rendered":"http:\/\/www.arqueroszamora.es\/?page_id=144"},"modified":"2022-01-31T16:05:37","modified_gmt":"2022-01-31T16:05:37","slug":"patrocinadores","status":"publish","type":"page","link":"http:\/\/www.arqueroszamora.es\/index.php\/patrocinadores\/","title":{"rendered":"Patrocinadores"},"content":{"rendered":"<h1>Patrocinadores y Colaboradores.<\/h1>\n<p>Esta secci\u00f3n est\u00e1 dedicada en exclusiva a nuestros Patrocinadores y Colaboradores, gracias a los cuales podemos realizar actividades que de otra forma no ser\u00edan posibles.<\/p>\n<p>Pincha en la im\u00e1gen correspondiente para acceder a su p\u00e1gina web.<\/p>\n<h1 style=\"text-align: center;\">Estaci\u00f3n de Servicio RepoSTAR. &#8211; Morales del Vino<\/h1>\n<p><a href=\"http:\/\/www.arqueroszamora.es\/wp-content\/uploads\/2012\/10\/repostar.jpg\"><img loading=\"lazy\" decoding=\"async\" class=\"aligncenter wp-image-1407\" src=\"http:\/\/www.arqueroszamora.es\/wp-content\/uploads\/2012\/10\/repostar.jpg\" alt=\"repostar camisetas curvas\" width=\"400\" height=\"329\" srcset=\"http:\/\/www.arqueroszamora.es\/wp-content\/uploads\/2012\/10\/repostar.jpg 989w, http:\/\/www.arqueroszamora.es\/wp-content\/uploads\/2012\/10\/repostar-300x247.jpg 300w\" sizes=\"auto, (max-width: 400px) 100vw, 400px\" \/><\/a><\/p>\n","protected":false},"excerpt":{"rendered":"<p>Patrocinadores y Colaboradores. Esta secci\u00f3n est\u00e1 dedicada en exclusiva a nuestros Patrocinadores y Colaboradores, gracias a los cuales podemos realizar actividades que de otra forma no ser\u00edan posibles. Pincha en la im\u00e1gen correspondiente para acceder a su p\u00e1gina web. Estaci\u00f3n de Servicio RepoSTAR. &#8211; Morales del Vino<\/p>\n","protected":false},"author":1,"featured_media":0,"parent":0,"menu_order":5,"comment_status":"closed","ping_status":"closed","template":"","meta":{"footnotes":""},"class_list":["post-144","page","type-page","status-publish","hentry"],"_links":{"self":[{"href":"http:\/\/www.arqueroszamora.es\/index.php\/wp-json\/wp\/v2\/pages\/144","targetHints":{"allow":["GET"]}}],"collection":[{"href":"http:\/\/www.arqueroszamora.es\/index.php\/wp-json\/wp\/v2\/pages"}],"about":[{"href":"http:\/\/www.arqueroszamora.es\/index.php\/wp-json\/wp\/v2\/types\/page"}],"author":[{"embeddable":true,"href":"http:\/\/www.arqueroszamora.es\/index.php\/wp-json\/wp\/v2\/users\/1"}],"replies":[{"embeddable":true,"href":"http:\/\/www.arqueroszamora.es\/index.php\/wp-json\/wp\/v2\/comments?post=144"}],"version-history":[{"count":0,"href":"http:\/\/www.arqueroszamora.es\/index.php\/wp-json\/wp\/v2\/pages\/144\/revisions"}],"wp:attachment":[{"href":"http:\/\/www.arqueroszamora.es\/index.php\/wp-json\/wp\/v2\/media?parent=144"}],"curies":[{"name":"wp","href":"https:\/\/api.w.org\/{rel}","templated":true}]}}