{"id":33,"date":"2012-09-25T00:30:31","date_gmt":"2012-09-24T23:30:31","guid":{"rendered":"http:\/\/www.arqueroszamora.es\/?page_id=33"},"modified":"2022-03-02T19:32:55","modified_gmt":"2022-03-02T19:32:55","slug":"junta-directiva","status":"publish","type":"page","link":"http:\/\/www.arqueroszamora.es\/index.php\/mundo-arquero\/junta-directiva\/","title":{"rendered":"Junta Directiva"},"content":{"rendered":"<p><strong>PRESIDENTE:<\/strong>\u00a0DANIEL VALENTIN GARC\u00cdA FERRERO. <a href=\"mailto:danielvalentingarcia@gmail.com\" target=\"_blank\" rel=\"noopener noreferrer\">danielvalentingarcia@gmail.com.<\/a><wbr \/><\/p>\n<p><strong>VICEPRESIDENTE:<\/strong> \u00c1LVARO ARTIME MONTERO. <a href=\"alvaroartime97@gmail.com\">alvaroartime97@gmail.com<\/a><\/p>\n<p><strong>TESORERO:<\/strong> MARIO D\u00cdAZ FERN\u00c1NDEZ . <a href=\"floppy.fisico@gmail.com\">floppy.fisico@gmail.com<\/a><\/p>\n<p><strong>SECRETARIA:<\/strong> MATI PE\u00d1A TURI\u00d1O. <a href=\"matiturino@gmail.com\">matiturino@gmail.com<\/a><\/p>\n<p><strong>VOCAL:<\/strong>\u00a0 MANUEL ARTIME CRESPO. <a href=\"manuelartime64@gmail.com\">manuelartime64@gmail.com<\/a><\/p>\n<p><strong>VOCAL:<\/strong> BEATRIZ MANSO GAMAZO. <a href=\"beatrizmaga_96@hotmail.com\">beatrizmaga_96@hotmail.com<\/a><\/p>\n<p><strong>VOCAL:<\/strong> JAVIER SASTRE GONZ\u00c1LEZ. <a href=\"jasast@hotmail.com\">jasast@hotmail.com<\/a><\/p>\n","protected":false},"excerpt":{"rendered":"<p>PRESIDENTE:\u00a0DANIEL VALENTIN GARC\u00cdA FERRERO. danielvalentingarcia@gmail.com. VICEPRESIDENTE: \u00c1LVARO ARTIME MONTERO. alvaroartime97@gmail.com TESORERO: MARIO D\u00cdAZ FERN\u00c1NDEZ . floppy.fisico@gmail.com SECRETARIA: MATI PE\u00d1A TURI\u00d1O. matiturino@gmail.com VOCAL:\u00a0 MANUEL ARTIME CRESPO. manuelartime64@gmail.com VOCAL: BEATRIZ MANSO GAMAZO. beatrizmaga_96@hotmail.com VOCAL: JAVIER SASTRE GONZ\u00c1LEZ. jasast@hotmail.com<\/p>\n","protected":false},"author":1,"featured_media":0,"parent":9,"menu_order":1,"comment_status":"closed","ping_status":"closed","template":"","meta":{"footnotes":""},"class_list":["post-33","page","type-page","status-publish","hentry"],"_links":{"self":[{"href":"http:\/\/www.arqueroszamora.es\/index.php\/wp-json\/wp\/v2\/pages\/33","targetHints":{"allow":["GET"]}}],"collection":[{"href":"http:\/\/www.arqueroszamora.es\/index.php\/wp-json\/wp\/v2\/pages"}],"about":[{"href":"http:\/\/www.arqueroszamora.es\/index.php\/wp-json\/wp\/v2\/types\/page"}],"author":[{"embeddable":true,"href":"http:\/\/www.arqueroszamora.es\/index.php\/wp-json\/wp\/v2\/users\/1"}],"replies":[{"embeddable":true,"href":"http:\/\/www.arqueroszamora.es\/index.php\/wp-json\/wp\/v2\/comments?post=33"}],"version-history":[{"count":0,"href":"http:\/\/www.arqueroszamora.es\/index.php\/wp-json\/wp\/v2\/pages\/33\/revisions"}],"up":[{"embeddable":true,"href":"http:\/\/www.arqueroszamora.es\/index.php\/wp-json\/wp\/v2\/pages\/9"}],"wp:attachment":[{"href":"http:\/\/www.arqueroszamora.es\/index.php\/wp-json\/wp\/v2\/media?parent=33"}],"curies":[{"name":"wp","href":"https:\/\/api.w.org\/{rel}","templated":true}]}}