{"id":37,"date":"2012-09-25T00:31:10","date_gmt":"2012-09-24T23:31:10","guid":{"rendered":"http:\/\/www.arqueroszamora.es\/?page_id=37"},"modified":"2019-06-01T09:46:35","modified_gmt":"2019-06-01T08:46:35","slug":"material","status":"publish","type":"page","link":"http:\/\/www.arqueroszamora.es\/index.php\/mundo-arquero\/material\/","title":{"rendered":"Material"},"content":{"rendered":"<p>Material<\/p>\n<p>En este apartado repasamos de manera resumida la relaci\u00f3n de material del Club Deportivo Arqueros Zamora, recalcando que cualquier socio, previa solicitud y aceptaci\u00f3n, puede hacer uso de cualquier elemento del mismo.<\/p>\n<p>Relaci\u00f3n de elementos disponibles<\/p>\n<p>24 parapetos.<br \/>\n70 gomas traseras para protecci\u00f3n de parapeto.<br \/>\n2 prensas de arco compuesto.<br \/>\n2 pesa arcos para arco compuesto, uno de ellos digital.<br \/>\n1 pesa arcos para arco ol\u00edmpico.<br \/>\n2 bastidores de cuerdas.<br \/>\nVarias bobinas de hilo para hacer cuerda.<br \/>\nVarios forradores.<br \/>\n2 emplumadoras, una de ellas helicoidal.<br \/>\n1 cortatubos.<br \/>\n26 arcos de iniciaci\u00f3n de distintas potencias y longitudes.<br \/>\n100 flechas de iniciaci\u00f3n.<br \/>\nVarios carcajs.<br \/>\nVarios protectores de pecho, brazo y dactileras.<br \/>\n2 espalderas.<br \/>\n2 sem\u00e1foros con regulador de mesa.<br \/>\nEquipo de sonido de alta fidelidad, incluso para sonorizaci\u00f3n exterior.<br \/>\n1 mesa de mezclas.<br \/>\n2 micr\u00f3fonos, uno de ellos inal\u00e1mbrico.<br \/>\nVarios cientos de metros de cableado espec\u00edfico de audio\/v\u00eddeo y el\u00e9ctrico.<br \/>\n19 sombrillas con soporte.<br \/>\n1 tel\u00e9fono m\u00f3vil.<br \/>\n1 ordenador port\u00e1til.<br \/>\n1 impresora l\u00e1ser OKI.<br \/>\n1 armario de doble puerta de oficina.<br \/>\n1 archivador de oficina.<br \/>\n1 mesa de oficina.<br \/>\nVarias sillas.<br \/>\n16 metros de tableros de aglomerado.<br \/>\n12 borriquetas.<br \/>\n2 termos industriales.<br \/>\n1 cafetera.<br \/>\n1 Detector de metales.<br \/>\n1 C\u00e1mara de v\u00eddeo Sony.<br \/>\n1 Ca\u00f1\u00f3n de proyecci\u00f3n Benq.<br \/>\n1 Impresora Laser B\/N Epson.<br \/>\n30 n\u00famero de parapeto.<br \/>\n30 n\u00fameros de calle.<br \/>\nBanderines.<br \/>\nDiversas revistas especializadas<\/p>\n","protected":false},"excerpt":{"rendered":"<p>Material En este apartado repasamos de manera resumida la relaci\u00f3n de material del Club Deportivo Arqueros Zamora, recalcando que cualquier socio, previa solicitud y aceptaci\u00f3n, puede hacer uso de cualquier elemento del mismo. Relaci\u00f3n de elementos disponibles 24 parapetos. 70 gomas traseras para protecci\u00f3n de parapeto. 2 prensas de arco compuesto. 2 pesa arcos para\u2026 <span class=\"read-more\"><a href=\"http:\/\/www.arqueroszamora.es\/index.php\/mundo-arquero\/material\/\">Leer m\u00e1s &raquo;<\/a><\/span><\/p>\n","protected":false},"author":1,"featured_media":0,"parent":9,"menu_order":3,"comment_status":"closed","ping_status":"closed","template":"","meta":{"footnotes":""},"class_list":["post-37","page","type-page","status-publish","hentry"],"_links":{"self":[{"href":"http:\/\/www.arqueroszamora.es\/index.php\/wp-json\/wp\/v2\/pages\/37","targetHints":{"allow":["GET"]}}],"collection":[{"href":"http:\/\/www.arqueroszamora.es\/index.php\/wp-json\/wp\/v2\/pages"}],"about":[{"href":"http:\/\/www.arqueroszamora.es\/index.php\/wp-json\/wp\/v2\/types\/page"}],"author":[{"embeddable":true,"href":"http:\/\/www.arqueroszamora.es\/index.php\/wp-json\/wp\/v2\/users\/1"}],"replies":[{"embeddable":true,"href":"http:\/\/www.arqueroszamora.es\/index.php\/wp-json\/wp\/v2\/comments?post=37"}],"version-history":[{"count":0,"href":"http:\/\/www.arqueroszamora.es\/index.php\/wp-json\/wp\/v2\/pages\/37\/revisions"}],"up":[{"embeddable":true,"href":"http:\/\/www.arqueroszamora.es\/index.php\/wp-json\/wp\/v2\/pages\/9"}],"wp:attachment":[{"href":"http:\/\/www.arqueroszamora.es\/index.php\/wp-json\/wp\/v2\/media?parent=37"}],"curies":[{"name":"wp","href":"https:\/\/api.w.org\/{rel}","templated":true}]}}